{"id":758,"date":"2021-09-22T00:42:42","date_gmt":"2021-09-21T22:42:42","guid":{"rendered":"http:\/\/coursupremerocks.com\/?post_type=product&#038;p=758"},"modified":"2022-01-29T19:32:55","modified_gmt":"2022-01-29T18:32:55","slug":"milestone-digital-version-mp3","status":"publish","type":"product","link":"https:\/\/coursupremerocks.com\/fr\/shop\/milestone-digital-version-mp3\/","title":{"rendered":"Milestone (version num\u00e9rique MP3)"},"content":{"rendered":"<p>Milestone est un EP quatre titres avec 4 chansons originales : deux titres de notre premier EP, un de l'album Hot Sauce et une exclusivit\u00e9 \"We Want Beer\" qui n'a \u00e9t\u00e9 publi\u00e9e dans aucun autre album. Vous pouvez t\u00e9l\u00e9charger cet EP au format MP3 ou Wav. Ici en format MP3 320 kHz.<\/p>\n<p>Tiitres : Big Zulu, We Want beer, My Dog (premi\u00e8re version), Runnin' On the Highway (premi\u00e8re version)<\/p>","protected":false},"excerpt":{"rendered":"<p>Comin&#8217; soon&#8230;<\/p>","protected":false},"featured_media":757,"comment_status":"open","ping_status":"closed","template":"","meta":{"_acf_changed":false,"_seopress_robots_primary_cat":"none","_seopress_titles_title":"","_seopress_titles_desc":"","_seopress_robots_index":""},"product_brand":[],"product_cat":[28],"product_tag":[36],"class_list":{"0":"post-758","1":"product","2":"type-product","3":"status-publish","4":"has-post-thumbnail","6":"product_cat-music","7":"product_tag-mp3","9":"first","10":"instock","11":"downloadable","12":"virtual","13":"purchasable","14":"product-type-simple"},"acf":[],"jetpack_sharing_enabled":true,"_links":{"self":[{"href":"https:\/\/coursupremerocks.com\/fr\/wp-json\/wp\/v2\/product\/758","targetHints":{"allow":["GET"]}}],"collection":[{"href":"https:\/\/coursupremerocks.com\/fr\/wp-json\/wp\/v2\/product"}],"about":[{"href":"https:\/\/coursupremerocks.com\/fr\/wp-json\/wp\/v2\/types\/product"}],"replies":[{"embeddable":true,"href":"https:\/\/coursupremerocks.com\/fr\/wp-json\/wp\/v2\/comments?post=758"}],"wp:featuredmedia":[{"embeddable":true,"href":"https:\/\/coursupremerocks.com\/fr\/wp-json\/wp\/v2\/media\/757"}],"wp:attachment":[{"href":"https:\/\/coursupremerocks.com\/fr\/wp-json\/wp\/v2\/media?parent=758"}],"wp:term":[{"taxonomy":"product_brand","embeddable":true,"href":"https:\/\/coursupremerocks.com\/fr\/wp-json\/wp\/v2\/product_brand?post=758"},{"taxonomy":"product_cat","embeddable":true,"href":"https:\/\/coursupremerocks.com\/fr\/wp-json\/wp\/v2\/product_cat?post=758"},{"taxonomy":"product_tag","embeddable":true,"href":"https:\/\/coursupremerocks.com\/fr\/wp-json\/wp\/v2\/product_tag?post=758"}],"curies":[{"name":"wp","href":"https:\/\/api.w.org\/{rel}","templated":true}]}}