{"id":652,"date":"2021-09-06T12:36:00","date_gmt":"2021-09-06T10:36:00","guid":{"rendered":"http:\/\/coursupremerocks.com\/?post_type=product&#038;p=652"},"modified":"2022-01-29T19:33:14","modified_gmt":"2022-01-29T18:33:14","slug":"album-2-digital-version-mp3","status":"publish","type":"product","link":"https:\/\/coursupremerocks.com\/fr\/shop\/album-2-digital-version-mp3\/","title":{"rendered":"Album #2 (version num\u00e9rique MP3)"},"content":{"rendered":"<p>#2 est notre deuxi\u00e8me album avec 10 morceaux originaux. Malheureusement, nous n'avons plus de version physique. Mais vous pouvez t\u00e9l\u00e9charger l'album en format MP3 ou Wav. Ici en format MP3, 320 Khz.<\/p>","protected":false},"excerpt":{"rendered":"<p>Comin&#8217; soon<\/p>\n<p>&nbsp;<\/p>","protected":false},"featured_media":660,"comment_status":"open","ping_status":"closed","template":"","meta":{"_acf_changed":false,"_seopress_robots_primary_cat":"none","_seopress_titles_title":"","_seopress_titles_desc":"","_seopress_robots_index":""},"product_brand":[],"product_cat":[28],"product_tag":[36],"class_list":{"0":"post-652","1":"product","2":"type-product","3":"status-publish","4":"has-post-thumbnail","6":"product_cat-music","7":"product_tag-mp3","9":"first","10":"instock","11":"downloadable","12":"shipping-taxable","13":"purchasable","14":"product-type-simple"},"acf":[],"jetpack_sharing_enabled":true,"_links":{"self":[{"href":"https:\/\/coursupremerocks.com\/fr\/wp-json\/wp\/v2\/product\/652","targetHints":{"allow":["GET"]}}],"collection":[{"href":"https:\/\/coursupremerocks.com\/fr\/wp-json\/wp\/v2\/product"}],"about":[{"href":"https:\/\/coursupremerocks.com\/fr\/wp-json\/wp\/v2\/types\/product"}],"replies":[{"embeddable":true,"href":"https:\/\/coursupremerocks.com\/fr\/wp-json\/wp\/v2\/comments?post=652"}],"wp:featuredmedia":[{"embeddable":true,"href":"https:\/\/coursupremerocks.com\/fr\/wp-json\/wp\/v2\/media\/660"}],"wp:attachment":[{"href":"https:\/\/coursupremerocks.com\/fr\/wp-json\/wp\/v2\/media?parent=652"}],"wp:term":[{"taxonomy":"product_brand","embeddable":true,"href":"https:\/\/coursupremerocks.com\/fr\/wp-json\/wp\/v2\/product_brand?post=652"},{"taxonomy":"product_cat","embeddable":true,"href":"https:\/\/coursupremerocks.com\/fr\/wp-json\/wp\/v2\/product_cat?post=652"},{"taxonomy":"product_tag","embeddable":true,"href":"https:\/\/coursupremerocks.com\/fr\/wp-json\/wp\/v2\/product_tag?post=652"}],"curies":[{"name":"wp","href":"https:\/\/api.w.org\/{rel}","templated":true}]}}