{"id":1643,"date":"2023-03-05T17:04:56","date_gmt":"2023-03-05T16:04:56","guid":{"rendered":"https:\/\/coursupremerocks.com\/?post_type=product&#038;p=1643"},"modified":"2023-03-05T20:42:57","modified_gmt":"2023-03-05T19:42:57","slug":"hot-sauce-cd","status":"publish","type":"product","link":"https:\/\/coursupremerocks.com\/fr\/shop\/hot-sauce-cd\/","title":{"rendered":"Hot Sauce CD"},"content":{"rendered":"<p>Hot Sauce est notre nouvel album. Dix titres torrides de rock lourd, graisseux et classieux, de grooves savoureux et de riffs \u00e9pic\u00e9s. Il est disponible d\u00e8s maintenant. Procurez-vous l'un des albums les plus recherch\u00e9s de l'ann\u00e9e 2022, ici en MP3 (320 kHz).<\/p>\n<p>Titres : Rocky Road, Big Zulu, Zydeco Nightmare, Subterranean Rodeo, Get Your Fire, Fairy Beauty, Down The Road, Mustang, I Won\u2019t Be Beggin\u2019, Louise.<\/p>\n<p>Remarque : aucun frais d'exp\u00e9dition ne sera ajout\u00e9, le prix est \"tout compris\".<\/p>","protected":false},"excerpt":{"rendered":"<p>Hot Sauce is our new album. Ten hot songs of heavy, greasy and classy rock, tasty grooves and spicy riffs. It&#8217;s available now. Pick up one of the most wanted albums of the year 2022 ! Songs : Rocky Road, Big Zulu, Zydeco Nightmare, Subterranean Rodeo, Get Your Fire, Fairy Beauty, Down The Road, Mustang, [&hellip;]<\/p>","protected":false},"featured_media":1092,"comment_status":"closed","ping_status":"closed","template":"","meta":{"_acf_changed":false,"_seopress_robots_primary_cat":"none","_seopress_titles_title":"","_seopress_titles_desc":"","_seopress_robots_index":""},"product_brand":[],"product_cat":[28],"product_tag":[37],"class_list":{"0":"post-1643","1":"product","2":"type-product","3":"status-publish","4":"has-post-thumbnail","6":"product_cat-music","7":"product_tag-cd","9":"first","10":"instock","11":"shipping-taxable","12":"purchasable","13":"product-type-simple"},"acf":[],"jetpack_sharing_enabled":true,"_links":{"self":[{"href":"https:\/\/coursupremerocks.com\/fr\/wp-json\/wp\/v2\/product\/1643","targetHints":{"allow":["GET"]}}],"collection":[{"href":"https:\/\/coursupremerocks.com\/fr\/wp-json\/wp\/v2\/product"}],"about":[{"href":"https:\/\/coursupremerocks.com\/fr\/wp-json\/wp\/v2\/types\/product"}],"replies":[{"embeddable":true,"href":"https:\/\/coursupremerocks.com\/fr\/wp-json\/wp\/v2\/comments?post=1643"}],"wp:featuredmedia":[{"embeddable":true,"href":"https:\/\/coursupremerocks.com\/fr\/wp-json\/wp\/v2\/media\/1092"}],"wp:attachment":[{"href":"https:\/\/coursupremerocks.com\/fr\/wp-json\/wp\/v2\/media?parent=1643"}],"wp:term":[{"taxonomy":"product_brand","embeddable":true,"href":"https:\/\/coursupremerocks.com\/fr\/wp-json\/wp\/v2\/product_brand?post=1643"},{"taxonomy":"product_cat","embeddable":true,"href":"https:\/\/coursupremerocks.com\/fr\/wp-json\/wp\/v2\/product_cat?post=1643"},{"taxonomy":"product_tag","embeddable":true,"href":"https:\/\/coursupremerocks.com\/fr\/wp-json\/wp\/v2\/product_tag?post=1643"}],"curies":[{"name":"wp","href":"https:\/\/api.w.org\/{rel}","templated":true}]}}