{"id":1310,"date":"2022-01-29T19:28:13","date_gmt":"2022-01-29T18:28:13","guid":{"rendered":"https:\/\/coursupremerocks.com\/?post_type=product&#038;p=1310"},"modified":"2023-03-05T18:15:43","modified_gmt":"2023-03-05T17:15:43","slug":"hot-sauce-digital-version-mp3","status":"publish","type":"product","link":"https:\/\/coursupremerocks.com\/fr\/shop\/hot-sauce-digital-version-mp3\/","title":{"rendered":"Hot Sauce (Version num\u00e9rique MP3)"},"content":{"rendered":"<p><span class=\"no_translate\">Hot Sauce<\/span> est notre nouvel album. Dix titres br\u00fblants de rock lourd, graisseux et classieux, de grooves savoureux et de riffs \u00e9pic\u00e9s. Il est disponible d\u00e8s maintenant. Procurez-vous l'un des albums les plus recherch\u00e9s de l'ann\u00e9e 2022, ici en MP3 (320 kHz).<\/p>\n<p>Titres : <span class=\"no_translate\">Rocky Road, Big Zulu, Zydeco Nightmare, Subterranean Rodeo, Get Your Fire, Fairy Beauty, Down The Road, Mustang, I Won\u2019t Be Beggin\u2019, Louise.<\/span><\/p>","protected":false},"excerpt":{"rendered":"<p>Hot Sauce MP3 (320 kHz) version.<\/p>","protected":false},"featured_media":1092,"comment_status":"closed","ping_status":"closed","template":"","meta":{"_acf_changed":false,"_seopress_robots_primary_cat":"none","_seopress_titles_title":"","_seopress_titles_desc":"","_seopress_robots_index":""},"product_brand":[],"product_cat":[28],"product_tag":[36],"class_list":{"0":"post-1310","1":"product","2":"type-product","3":"status-publish","4":"has-post-thumbnail","6":"product_cat-music","7":"product_tag-mp3","9":"first","10":"instock","11":"downloadable","12":"shipping-taxable","13":"purchasable","14":"product-type-simple"},"acf":[],"jetpack_sharing_enabled":true,"_links":{"self":[{"href":"https:\/\/coursupremerocks.com\/fr\/wp-json\/wp\/v2\/product\/1310","targetHints":{"allow":["GET"]}}],"collection":[{"href":"https:\/\/coursupremerocks.com\/fr\/wp-json\/wp\/v2\/product"}],"about":[{"href":"https:\/\/coursupremerocks.com\/fr\/wp-json\/wp\/v2\/types\/product"}],"replies":[{"embeddable":true,"href":"https:\/\/coursupremerocks.com\/fr\/wp-json\/wp\/v2\/comments?post=1310"}],"wp:featuredmedia":[{"embeddable":true,"href":"https:\/\/coursupremerocks.com\/fr\/wp-json\/wp\/v2\/media\/1092"}],"wp:attachment":[{"href":"https:\/\/coursupremerocks.com\/fr\/wp-json\/wp\/v2\/media?parent=1310"}],"wp:term":[{"taxonomy":"product_brand","embeddable":true,"href":"https:\/\/coursupremerocks.com\/fr\/wp-json\/wp\/v2\/product_brand?post=1310"},{"taxonomy":"product_cat","embeddable":true,"href":"https:\/\/coursupremerocks.com\/fr\/wp-json\/wp\/v2\/product_cat?post=1310"},{"taxonomy":"product_tag","embeddable":true,"href":"https:\/\/coursupremerocks.com\/fr\/wp-json\/wp\/v2\/product_tag?post=1310"}],"curies":[{"name":"wp","href":"https:\/\/api.w.org\/{rel}","templated":true}]}}