{"id":154,"date":"2022-01-22T18:45:33","date_gmt":"2022-01-22T17:45:33","guid":{"rendered":"http:\/\/coursupremerocks.com\/?page_id=154"},"modified":"2023-03-05T20:27:45","modified_gmt":"2023-03-05T19:27:45","slug":"review-us","status":"publish","type":"page","link":"https:\/\/coursupremerocks.com\/fr\/review-us\/","title":{"rendered":"Review us"},"content":{"rendered":"<div data-elementor-type=\"wp-page\" data-elementor-id=\"154\" class=\"elementor elementor-154\" data-elementor-post-type=\"page\">\n\t\t\t\t\t\t<section class=\"elementor-section elementor-top-section elementor-element elementor-element-bdf4c54 elementor-section-full_width elementor-section-height-min-height elementor-section-height-default elementor-section-items-middle elementor-invisible\" data-id=\"bdf4c54\" data-element_type=\"section\" data-settings=\"{&quot;background_background&quot;:&quot;classic&quot;,&quot;animation&quot;:&quot;zoomIn&quot;}\">\n\t\t\t\t\t\t<div class=\"elementor-container elementor-column-gap-default\">\n\t\t\t\t\t<div class=\"elementor-column elementor-col-100 elementor-top-column elementor-element elementor-element-b7247e5\" data-id=\"b7247e5\" data-element_type=\"column\">\n\t\t\t<div class=\"elementor-widget-wrap elementor-element-populated\">\n\t\t\t\t\t\t<div class=\"elementor-element elementor-element-42249fa elementor-widget elementor-widget-heading\" data-id=\"42249fa\" data-element_type=\"widget\" data-widget_type=\"heading.default\">\n\t\t\t\t<div class=\"elementor-widget-container\">\n\t\t\t\t\t<h2 class=\"elementor-heading-title elementor-size-default\">\u00c9valuez-nous<\/h2>\t\t\t\t<\/div>\n\t\t\t\t<\/div>\n\t\t\t\t\t<\/div>\n\t\t<\/div>\n\t\t\t\t\t<\/div>\n\t\t<\/section>\n\t\t\t\t<section class=\"elementor-section elementor-top-section elementor-element elementor-element-29eb9591 elementor-section-boxed elementor-section-height-default elementor-section-height-default\" data-id=\"29eb9591\" data-element_type=\"section\">\n\t\t\t\t\t\t<div class=\"elementor-container elementor-column-gap-default\">\n\t\t\t\t\t<div class=\"elementor-column elementor-col-100 elementor-top-column elementor-element elementor-element-1a88d729\" data-id=\"1a88d729\" data-element_type=\"column\">\n\t\t\t<div class=\"elementor-widget-wrap elementor-element-populated\">\n\t\t\t\t\t\t<div class=\"elementor-element elementor-element-9ad22ec elementor-widget-divider--view-line_icon elementor-view-default elementor-widget-divider--element-align-center elementor-widget elementor-widget-divider\" data-id=\"9ad22ec\" data-element_type=\"widget\" data-widget_type=\"divider.default\">\n\t\t\t\t<div class=\"elementor-widget-container\">\n\t\t\t\t\t\t\t<div class=\"elementor-divider\">\n\t\t\t<span class=\"elementor-divider-separator\">\n\t\t\t\t\t\t\t<div class=\"elementor-icon elementor-divider__element\">\n\t\t\t\t\t<svg aria-hidden=\"true\" class=\"e-font-icon-svg e-fas-pepper-hot\" viewbox=\"0 0 512 512\" xmlns=\"http:\/\/www.w3.org\/2000\/svg\"><path d=\"M330.67 263.12V173.4l-52.75-24.22C219.44 218.76 197.58 400 56 400a56 56 0 0 0 0 112c212.64 0 370.65-122.87 419.18-210.34l-37.05-38.54zm131.09-128.37C493.92 74.91 477.18 26.48 458.62 3a8 8 0 0 0-11.93-.59l-22.9 23a8.06 8.06 0 0 0-.89 10.23c6.86 10.36 17.05 35.1-1.4 72.32A142.85 142.85 0 0 0 364.34 96c-28 0-54 8.54-76.34 22.59l74.67 34.29v78.24h89.09L506.44 288c3.26-12.62 5.56-25.63 5.56-39.31a154 154 0 0 0-50.24-113.94z\"><\/path><\/svg><\/div>\n\t\t\t\t\t\t<\/span>\n\t\t<\/div>\n\t\t\t\t\t\t<\/div>\n\t\t\t\t<\/div>\n\t\t\t\t<div class=\"elementor-element elementor-element-8a1c0c8 elementor-widget elementor-widget-heading\" data-id=\"8a1c0c8\" data-element_type=\"widget\" data-widget_type=\"heading.default\">\n\t\t\t\t<div class=\"elementor-widget-container\">\n\t\t\t\t\t<p class=\"elementor-heading-title elementor-size-default\">Tout d'abord, n'oubliez pas de vous prendre en photo avec un album ou un t-shirt Cour Supreme. Si vous ne voulez pas \u00eatre sur la photo, laissez votre imagination prendre le contr\u00f4le et envoyez-nous votre cr\u00e9ation. Remplissez ensuite le formulaire ci-dessous et envoyez le nous. Apr\u00e8s validation, votre critique appara\u00eetra sur la page appropri\u00e9e. Un grand merci.<\/p>\t\t\t\t<\/div>\n\t\t\t\t<\/div>\n\t\t\t\t<div class=\"elementor-element elementor-element-47849eb6 elementor-widget elementor-widget-shortcode\" data-id=\"47849eb6\" data-element_type=\"widget\" data-widget_type=\"shortcode.default\">\n\t\t\t\t<div class=\"elementor-widget-container\">\n\t\t\t\t\t\t\t<div class=\"elementor-shortcode\"><div class=\"strong-view strong-form strong-view-id-2 simple-form wpmtst-simple-form\" data-state=\"idle\"><div class=\"strong-form-wait\" data-formid=\"1\"><div class=\"message\"><img decoding=\"async\" src=\"https:\/\/coursupremerocks.com\/wp-content\/plugins\/strong-testimonials\/assets\/public\/svg\/spinner-solid.svg\" alt=\"Spinner d\u2019envoi de formulaire Strong Testimonials.\"><\/div><\/div><div class=\"wpmtst-form wpmtst-form-id-1\"><div class=\"strong-form-inner\"><p class=\"required-notice\"><span class=\"required symbol\"><\/span>Requis\t\t<\/p><form class=\"wpmtst-submission-form\" method=\"post\" enctype=\"multipart\/form-data\" autocomplete=\"off\" data-config=\"{&quot;scroll&quot;:{&quot;onError&quot;:true,&quot;onErrorOffset&quot;:80,&quot;onSuccess&quot;:true,&quot;onSuccessOffset&quot;:80},&quot;fields&quot;:[{&quot;name&quot;:&quot;category&quot;,&quot;type&quot;:&quot;category-selector&quot;,&quot;required&quot;:1},{&quot;name&quot;:&quot;client_name&quot;,&quot;type&quot;:&quot;text&quot;,&quot;required&quot;:1},{&quot;name&quot;:&quot;email&quot;,&quot;type&quot;:&quot;email&quot;,&quot;required&quot;:1},{&quot;name&quot;:&quot;website&quot;,&quot;type&quot;:&quot;url&quot;,&quot;required&quot;:0},{&quot;name&quot;:&quot;post_title&quot;,&quot;type&quot;:&quot;text&quot;,&quot;required&quot;:1},{&quot;name&quot;:&quot;post_content&quot;,&quot;type&quot;:&quot;textarea&quot;,&quot;required&quot;:1},{&quot;name&quot;:&quot;featured_image&quot;,&quot;type&quot;:&quot;file&quot;,&quot;required&quot;:1},{&quot;name&quot;:&quot;star_rating&quot;,&quot;type&quot;:&quot;rating&quot;,&quot;required&quot;:0}]}\" data-formid = \"1\" action=\"\"><div style=\"display: none;\"><input type=\"hidden\" id=\"wpmtst_form_nonce\" name=\"wpmtst_form_nonce\" value=\"127a6b22d9\" \/><input type=\"hidden\" name=\"_wp_http_referer\" value=\"\/fr\/wp-json\/wp\/v2\/pages\/154\" \/><input type=\"hidden\" name=\"action\" value=\"wpmtst_form\"><input type=\"hidden\" name=\"form_id\" value=\"1\"><input type=\"hidden\" name=\"default_category\" value=\"31\"><input type=\"hidden\" name=\"view_id\" value=\"2\"><input type=\"hidden\" name=\"category\" value=\"\"><\/div><div class=\"form-field field-category\"><label for=\"wpmtst_category\" class=\"field-category\">Sujet?<\/label><span class=\"required symbol\"><\/span><span class=\"before\">Veuillez s\u00e9lectionner le sujet de votre avis<\/span><div class=\"field-wrap\"><select id=\"wpmtst_category\" name=\"category\" class=\"\"  required tabindex=\"0\"><option value=\"\">&mdash;<\/option><option value=\"31\">Cour Supreme (the band)<\/option><option value=\"33\">CS #2<\/option><option value=\"32\">Hot Sauce<\/option><option value=\"34\">Milestone<\/option><\/select><\/div><span class=\"after\"><\/span><\/div><div class=\"form-field field-client_name\"><label for=\"wpmtst_client_name\" class=\"field-client_name\">Nom Complet<\/label><span class=\"required symbol\"><\/span><input id=\"wpmtst_client_name\" type=\"text\" class=\"text\" name=\"client_name\"  value=\"\" placeholder=\"\"   required tabindex=\"0\"><span class=\"after\">Quel est votre nom complet ?<\/span><\/div><div class=\"form-field field-email\"><label for=\"wpmtst_email\" class=\"field-email\">Email<\/label><span class=\"required symbol\"><\/span><input id=\"wpmtst_email\" type=\"email\" class=\"text email\" name=\"email\"  value=\"\" placeholder=\"\"   required tabindex=\"0\"><span class=\"after\">Quelle est votre adresse e-mail ?<\/span><\/div><div class=\"form-field field-website\"><input id=\"wpmtst_website\" type=\"url\" class=\"text url\" name=\"website\"  value=\"\" placeholder=\"\"   tabindex=\"0\"><span class=\"after\">Vous avez un site web ?<\/span><\/div><div class=\"form-field field-post_title\"><label for=\"wpmtst_post_title\" class=\"field-post_title\">Titre<\/label><span class=\"required symbol\"><\/span><span class=\"after max-length-counter\" align=\"right\">0 caract\u00e8re(s) sur 50<\/span><input id=\"wpmtst_post_title\" type=\"text\" class=\"text max-length\" name=\"post_title\"  value=\"\" placeholder=\"\" maxlength=\"50\"  required tabindex=\"0\"><span class=\"after\">Choisissez un titre pour votre commentaire.<\/span><\/div><div class=\"form-field field-post_content\"><label for=\"wpmtst_post_content\" class=\"field-post_content\">Commentaire<\/label><span class=\"required symbol\"><\/span><span class=\"after max-length-counter\" align=\"right\">0 caract\u00e8re(s) sur 500<\/span><textarea id=\"wpmtst_post_content\" name=\"post_content\" class=\"textarea max-length\"  required placeholder=\"\" maxlength=\"500\" tabindex=\"0\"><\/textarea><span class=\"after\">Dites-nous ce que vous en pensez...<\/span><\/div><div class=\"form-field field-featured_image\"><label for=\"wpmtst_featured_image\" class=\"field-featured_image\">Photo<\/label><span class=\"required symbol\"><\/span><div class=\"field-wrap\"><input id=\"wpmtst_featured_image\" type=\"file\" name=\"featured_image\" required tabindex=\"0\"><\/div><span class=\"after\">Voulez-vous joindre une photo ?<\/span><\/div><div class=\"form-field field-star_rating\"><label for=\"wpmtst_star_rating\" class=\"field-star_rating\">\u00c9valuation par \u00e9toiles<\/label><div class=\"strong-rating-wrapper field-wrap in-form\"><fieldset contenteditable=\"false\t\t\t\t\tid=\"wpmtst_star_rating\"\t\t\t\t\tname=\"star_rating\"\t\t\t\t\tclass=\"strong-rating\"\t\t\t\t\tdata-field-type=\"rating\"\t\t\t\t\ttabindex=\"0\"\"><legend>champs d\u2019\u00e9valuation<\/legend><input type=\"radio\" id=\"star_rating-star0-3363\" name=\"star_rating\" value=\"0\"  checked='checked' \/><label for=\"star_rating-star0-3363\" title=\"No stars\"><\/label><input type=\"radio\" id=\"star_rating-star1-3363\" name=\"star_rating\" value=\"1\"  \/><label for=\"star_rating-star1-3363\" class=\"star\" title=\"1 star\"><svg aria-hidden=\"true\" role=\"img\" xmlns=\"http:\/\/www.w3.org\/2000\/svg\" viewbox=\"-12 -12 590 526\"><path class=\"star_regular\" d=\"M528.1 171.5L382 150.2 316.7 17.8c-11.7-23.6-45.6-23.9-57.4 0L194 150.2 47.9 171.5c-26.2 3.8-36.7 36.1-17.7 54.6l105.7 103-25 145.5c-4.5 26.3 23.2 46 46.4 33.7L288 439.6l130.7 68.7c23.2 12.2 50.9-7.4 46.4-33.7l-25-145.5 105.7-103c19-18.5 8.5-50.8-17.7-54.6zM388.6 312.3l23.7 138.4L288 385.4l-124.3 65.3 23.7-138.4-100.6-98 139-20.2 62.2-126 62.2 126 139 20.2-100.6 98z\"><\/path><path class=\"star_solid\" d=\"M259.3 17.8L194 150.2 47.9 171.5c-26.2 3.8-36.7 36.1-17.7 54.6l105.7 103-25 145.5c-4.5 26.3 23.2 46 46.4 33.7L288 439.6l130.7 68.7c23.2 12.2 50.9-7.4 46.4-33.7l-25-145.5 105.7-103c19-18.5 8.5-50.8-17.7-54.6L382 150.2 316.7 17.8c-11.7-23.6-45.6-23.9-57.4 0z\"><\/path><\/svg><\/label><input type=\"radio\" id=\"star_rating-star2-3363\" name=\"star_rating\" value=\"2\"  \/><label for=\"star_rating-star2-3363\" class=\"star\" title=\"2 stars\"><svg aria-hidden=\"true\" role=\"img\" xmlns=\"http:\/\/www.w3.org\/2000\/svg\" viewbox=\"-12 -12 590 526\"><path class=\"star_regular\" d=\"M528.1 171.5L382 150.2 316.7 17.8c-11.7-23.6-45.6-23.9-57.4 0L194 150.2 47.9 171.5c-26.2 3.8-36.7 36.1-17.7 54.6l105.7 103-25 145.5c-4.5 26.3 23.2 46 46.4 33.7L288 439.6l130.7 68.7c23.2 12.2 50.9-7.4 46.4-33.7l-25-145.5 105.7-103c19-18.5 8.5-50.8-17.7-54.6zM388.6 312.3l23.7 138.4L288 385.4l-124.3 65.3 23.7-138.4-100.6-98 139-20.2 62.2-126 62.2 126 139 20.2-100.6 98z\"><\/path><path class=\"star_solid\" d=\"M259.3 17.8L194 150.2 47.9 171.5c-26.2 3.8-36.7 36.1-17.7 54.6l105.7 103-25 145.5c-4.5 26.3 23.2 46 46.4 33.7L288 439.6l130.7 68.7c23.2 12.2 50.9-7.4 46.4-33.7l-25-145.5 105.7-103c19-18.5 8.5-50.8-17.7-54.6L382 150.2 316.7 17.8c-11.7-23.6-45.6-23.9-57.4 0z\"><\/path><\/svg><\/label><input type=\"radio\" id=\"star_rating-star3-3363\" name=\"star_rating\" value=\"3\"  \/><label for=\"star_rating-star3-3363\" class=\"star\" title=\"3 stars\"><svg aria-hidden=\"true\" role=\"img\" xmlns=\"http:\/\/www.w3.org\/2000\/svg\" viewbox=\"-12 -12 590 526\"><path class=\"star_regular\" d=\"M528.1 171.5L382 150.2 316.7 17.8c-11.7-23.6-45.6-23.9-57.4 0L194 150.2 47.9 171.5c-26.2 3.8-36.7 36.1-17.7 54.6l105.7 103-25 145.5c-4.5 26.3 23.2 46 46.4 33.7L288 439.6l130.7 68.7c23.2 12.2 50.9-7.4 46.4-33.7l-25-145.5 105.7-103c19-18.5 8.5-50.8-17.7-54.6zM388.6 312.3l23.7 138.4L288 385.4l-124.3 65.3 23.7-138.4-100.6-98 139-20.2 62.2-126 62.2 126 139 20.2-100.6 98z\"><\/path><path class=\"star_solid\" d=\"M259.3 17.8L194 150.2 47.9 171.5c-26.2 3.8-36.7 36.1-17.7 54.6l105.7 103-25 145.5c-4.5 26.3 23.2 46 46.4 33.7L288 439.6l130.7 68.7c23.2 12.2 50.9-7.4 46.4-33.7l-25-145.5 105.7-103c19-18.5 8.5-50.8-17.7-54.6L382 150.2 316.7 17.8c-11.7-23.6-45.6-23.9-57.4 0z\"><\/path><\/svg><\/label><input type=\"radio\" id=\"star_rating-star4-3363\" name=\"star_rating\" value=\"4\"  \/><label for=\"star_rating-star4-3363\" class=\"star\" title=\"4 stars\"><svg aria-hidden=\"true\" role=\"img\" xmlns=\"http:\/\/www.w3.org\/2000\/svg\" viewbox=\"-12 -12 590 526\"><path class=\"star_regular\" d=\"M528.1 171.5L382 150.2 316.7 17.8c-11.7-23.6-45.6-23.9-57.4 0L194 150.2 47.9 171.5c-26.2 3.8-36.7 36.1-17.7 54.6l105.7 103-25 145.5c-4.5 26.3 23.2 46 46.4 33.7L288 439.6l130.7 68.7c23.2 12.2 50.9-7.4 46.4-33.7l-25-145.5 105.7-103c19-18.5 8.5-50.8-17.7-54.6zM388.6 312.3l23.7 138.4L288 385.4l-124.3 65.3 23.7-138.4-100.6-98 139-20.2 62.2-126 62.2 126 139 20.2-100.6 98z\"><\/path><path class=\"star_solid\" d=\"M259.3 17.8L194 150.2 47.9 171.5c-26.2 3.8-36.7 36.1-17.7 54.6l105.7 103-25 145.5c-4.5 26.3 23.2 46 46.4 33.7L288 439.6l130.7 68.7c23.2 12.2 50.9-7.4 46.4-33.7l-25-145.5 105.7-103c19-18.5 8.5-50.8-17.7-54.6L382 150.2 316.7 17.8c-11.7-23.6-45.6-23.9-57.4 0z\"><\/path><\/svg><\/label><input type=\"radio\" id=\"star_rating-star5-3363\" name=\"star_rating\" value=\"5\"  \/><label for=\"star_rating-star5-3363\" class=\"star\" title=\"5 stars\"><svg aria-hidden=\"true\" role=\"img\" xmlns=\"http:\/\/www.w3.org\/2000\/svg\" viewbox=\"-12 -12 590 526\"><path class=\"star_regular\" d=\"M528.1 171.5L382 150.2 316.7 17.8c-11.7-23.6-45.6-23.9-57.4 0L194 150.2 47.9 171.5c-26.2 3.8-36.7 36.1-17.7 54.6l105.7 103-25 145.5c-4.5 26.3 23.2 46 46.4 33.7L288 439.6l130.7 68.7c23.2 12.2 50.9-7.4 46.4-33.7l-25-145.5 105.7-103c19-18.5 8.5-50.8-17.7-54.6zM388.6 312.3l23.7 138.4L288 385.4l-124.3 65.3 23.7-138.4-100.6-98 139-20.2 62.2-126 62.2 126 139 20.2-100.6 98z\"><\/path><path class=\"star_solid\" d=\"M259.3 17.8L194 150.2 47.9 171.5c-26.2 3.8-36.7 36.1-17.7 54.6l105.7 103-25 145.5c-4.5 26.3 23.2 46 46.4 33.7L288 439.6l130.7 68.7c23.2 12.2 50.9-7.4 46.4-33.7l-25-145.5 105.7-103c19-18.5 8.5-50.8-17.7-54.6L382 150.2 316.7 17.8c-11.7-23.6-45.6-23.9-57.4 0z\"><\/path><\/svg><\/label><\/fieldset><\/div><span class=\"after\">Voulez-vous ajouter une \u00e9valuation sous forme d'\u00e9toiles ?<\/span><\/div><div class=\"form-field wpmtst-submit\"><label><input type=\"submit\" class=\"wpmtst_submit_testimonial\" name=\"wpmtst_submit_testimonial\" value=\"Envoyer\" tabindex=\"0\"><\/label><\/div><input type=\"hidden\" name=\"trp-form-language\" value=\"fr\"\/><\/form><\/div><\/div><\/div><\/div>\n\t\t\t\t\t\t<\/div>\n\t\t\t\t<\/div>\n\t\t\t\t\t<\/div>\n\t\t<\/div>\n\t\t\t\t\t<\/div>\n\t\t<\/section>\n\t\t\t\t<\/div>","protected":false},"excerpt":{"rendered":"<p>Review US First of all, don&#8217;t forget to take a picture of yourself with an album or a Cour Supreme t-shirt. If you don&#8217;t want to be in the picture, let your imagination take over and send us your creation. Then fill out the form below and send it to us. After approval, your review [&hellip;]<\/p>","protected":false},"author":1,"featured_media":0,"parent":0,"menu_order":0,"comment_status":"closed","ping_status":"closed","template":"","meta":{"_acf_changed":false,"_seopress_robots_primary_cat":"","_seopress_titles_title":"Testimonial form - Cour Supreme","_seopress_titles_desc":"","_seopress_robots_index":"","footnotes":""},"class_list":["post-154","page","type-page","status-publish","hentry"],"acf":[],"jetpack_sharing_enabled":true,"_links":{"self":[{"href":"https:\/\/coursupremerocks.com\/fr\/wp-json\/wp\/v2\/pages\/154","targetHints":{"allow":["GET"]}}],"collection":[{"href":"https:\/\/coursupremerocks.com\/fr\/wp-json\/wp\/v2\/pages"}],"about":[{"href":"https:\/\/coursupremerocks.com\/fr\/wp-json\/wp\/v2\/types\/page"}],"author":[{"embeddable":true,"href":"https:\/\/coursupremerocks.com\/fr\/wp-json\/wp\/v2\/users\/1"}],"replies":[{"embeddable":true,"href":"https:\/\/coursupremerocks.com\/fr\/wp-json\/wp\/v2\/comments?post=154"}],"version-history":[{"count":35,"href":"https:\/\/coursupremerocks.com\/fr\/wp-json\/wp\/v2\/pages\/154\/revisions"}],"predecessor-version":[{"id":1658,"href":"https:\/\/coursupremerocks.com\/fr\/wp-json\/wp\/v2\/pages\/154\/revisions\/1658"}],"wp:attachment":[{"href":"https:\/\/coursupremerocks.com\/fr\/wp-json\/wp\/v2\/media?parent=154"}],"curies":[{"name":"wp","href":"https:\/\/api.w.org\/{rel}","templated":true}]}}